{"id":11693,"date":"2025-02-03T01:39:35","date_gmt":"2025-02-03T04:39:35","guid":{"rendered":"https:\/\/www.oralmed.com.br\/ce\/?page_id=11693"},"modified":"2025-02-03T01:42:05","modified_gmt":"2025-02-03T04:42:05","slug":"periodontia","status":"publish","type":"page","link":"https:\/\/www.oralmed.com.br\/ce\/periodontia\/","title":{"rendered":"Especialidade Periodontia"},"content":{"rendered":"\t\t<div data-elementor-type=\"wp-page\" data-elementor-id=\"11693\" class=\"elementor elementor-11693\" data-elementor-post-type=\"page\">\n\t\t\t\t\t\t<section class=\"elementor-section elementor-top-section elementor-element elementor-element-2353505 elementor-section-boxed elementor-section-height-default elementor-section-height-default\" data-id=\"2353505\" data-element_type=\"section\" data-e-type=\"section\">\n\t\t\t\t\t\t<div class=\"elementor-container elementor-column-gap-default\">\n\t\t\t\t\t<div class=\"elementor-column elementor-col-100 elementor-top-column elementor-element elementor-element-3687595\" data-id=\"3687595\" data-element_type=\"column\" data-e-type=\"column\">\n\t\t\t<div class=\"elementor-widget-wrap elementor-element-populated\">\n\t\t\t\t\t\t<div class=\"elementor-element elementor-element-f526873 elementor-align-right elementor-widget elementor-widget-button\" data-id=\"f526873\" data-element_type=\"widget\" data-e-type=\"widget\" data-widget_type=\"button.default\">\n\t\t\t\t<div class=\"elementor-widget-container\">\n\t\t\t\t\t\t\t\t\t<div class=\"elementor-button-wrapper\">\n\t\t\t\t\t<a class=\"elementor-button elementor-button-link elementor-size-sm\" href=\"http:\/\/www.oralmed.com.br\/ce\/contato_orcamento\/\">\n\t\t\t\t\t\t<span class=\"elementor-button-content-wrapper\">\n\t\t\t\t\t\t<span class=\"elementor-button-icon\">\n\t\t\t\t<i aria-hidden=\"true\" class=\"fas fa-check-double\"><\/i>\t\t\t<\/span>\n\t\t\t\t\t\t\t\t\t<span class=\"elementor-button-text\">Solicite seu or\u00e7amento<\/span>\n\t\t\t\t\t<\/span>\n\t\t\t\t\t<\/a>\n\t\t\t\t<\/div>\n\t\t\t\t\t\t\t\t<\/div>\n\t\t\t\t<\/div>\n\t\t\t\t\t<\/div>\n\t\t<\/div>\n\t\t\t\t\t<\/div>\n\t\t<\/section>\n\t\t\t\t<section class=\"elementor-section elementor-top-section elementor-element elementor-element-01be43e elementor-section-boxed elementor-section-height-default elementor-section-height-default\" data-id=\"01be43e\" data-element_type=\"section\" data-e-type=\"section\">\n\t\t\t\t\t\t<div class=\"elementor-container elementor-column-gap-default\">\n\t\t\t\t\t<div class=\"elementor-column elementor-col-33 elementor-top-column elementor-element elementor-element-3055f5d\" data-id=\"3055f5d\" data-element_type=\"column\" data-e-type=\"column\">\n\t\t\t<div class=\"elementor-widget-wrap elementor-element-populated\">\n\t\t\t\t\t\t<div class=\"elementor-element elementor-element-59930ae elementor-position-left elementor-vertical-align-top elementor-widget elementor-widget-image-box\" data-id=\"59930ae\" data-element_type=\"widget\" data-e-type=\"widget\" data-widget_type=\"image-box.default\">\n\t\t\t\t<div class=\"elementor-widget-container\">\n\t\t\t\t\t<div class=\"elementor-image-box-wrapper\"><figure class=\"elementor-image-box-img\"><img decoding=\"async\" width=\"90\" height=\"90\" src=\"https:\/\/www.oralmed.com.br\/ce\/wp-content\/uploads\/2019\/10\/icon-img-12.png\" class=\"attachment-full size-full wp-image-9277\" alt=\"\" srcset=\"https:\/\/www.oralmed.com.br\/ce\/wp-content\/uploads\/2019\/10\/icon-img-12.png 90w, https:\/\/www.oralmed.com.br\/ce\/wp-content\/uploads\/2019\/10\/icon-img-12-89x90.png 89w\" sizes=\"(max-width: 90px) 100vw, 90px\" \/><\/figure><\/div>\t\t\t\t<\/div>\n\t\t\t\t<\/div>\n\t\t\t\t\t<\/div>\n\t\t<\/div>\n\t\t\t\t<div class=\"elementor-column elementor-col-33 elementor-top-column elementor-element elementor-element-fd94562\" data-id=\"fd94562\" data-element_type=\"column\" data-e-type=\"column\">\n\t\t\t<div class=\"elementor-widget-wrap elementor-element-populated\">\n\t\t\t\t\t\t<div class=\"elementor-element elementor-element-d297efa elementor-widget elementor-widget-spacer\" data-id=\"d297efa\" data-element_type=\"widget\" data-e-type=\"widget\" data-widget_type=\"spacer.default\">\n\t\t\t\t<div class=\"elementor-widget-container\">\n\t\t\t\t\t\t\t<div class=\"elementor-spacer\">\n\t\t\t<div class=\"elementor-spacer-inner\"><\/div>\n\t\t<\/div>\n\t\t\t\t\t\t<\/div>\n\t\t\t\t<\/div>\n\t\t\t\t<div class=\"elementor-element elementor-element-02f1595 elementor-widget elementor-widget-heading\" data-id=\"02f1595\" data-element_type=\"widget\" data-e-type=\"widget\" data-widget_type=\"heading.default\">\n\t\t\t\t<div class=\"elementor-widget-container\">\n\t\t\t\t\t<h2 class=\"elementor-heading-title elementor-size-default\">Periodontia<\/h2>\t\t\t\t<\/div>\n\t\t\t\t<\/div>\n\t\t\t\t\t<\/div>\n\t\t<\/div>\n\t\t\t\t<div class=\"elementor-column elementor-col-33 elementor-top-column elementor-element elementor-element-47534b1\" data-id=\"47534b1\" data-element_type=\"column\" data-e-type=\"column\">\n\t\t\t<div class=\"elementor-widget-wrap elementor-element-populated\">\n\t\t\t\t\t\t<div class=\"elementor-element elementor-element-12fcb3d elementor-widget elementor-widget-spacer\" data-id=\"12fcb3d\" data-element_type=\"widget\" data-e-type=\"widget\" data-widget_type=\"spacer.default\">\n\t\t\t\t<div class=\"elementor-widget-container\">\n\t\t\t\t\t\t\t<div class=\"elementor-spacer\">\n\t\t\t<div class=\"elementor-spacer-inner\"><\/div>\n\t\t<\/div>\n\t\t\t\t\t\t<\/div>\n\t\t\t\t<\/div>\n\t\t\t\t\t<\/div>\n\t\t<\/div>\n\t\t\t\t\t<\/div>\n\t\t<\/section>\n\t\t\t\t<section class=\"elementor-section elementor-top-section elementor-element elementor-element-2f7dc6a elementor-section-boxed elementor-section-height-default elementor-section-height-default\" data-id=\"2f7dc6a\" data-element_type=\"section\" data-e-type=\"section\">\n\t\t\t\t\t\t<div class=\"elementor-container elementor-column-gap-default\">\n\t\t\t\t\t<div class=\"elementor-column elementor-col-100 elementor-top-column elementor-element elementor-element-e178d36\" data-id=\"e178d36\" data-element_type=\"column\" data-e-type=\"column\">\n\t\t\t<div class=\"elementor-widget-wrap elementor-element-populated\">\n\t\t\t\t\t\t<div class=\"elementor-element elementor-element-4f73cb0 elementor-widget elementor-widget-text-editor\" data-id=\"4f73cb0\" data-element_type=\"widget\" data-e-type=\"widget\" data-widget_type=\"text-editor.default\">\n\t\t\t\t<div class=\"elementor-widget-container\">\n\t\t\t\t\t\t\t\t\t\n<div>\n<div style=\"text-align: justify;\">\n<div style=\"text-align: justify;\">\n<div>\n<div style=\"text-align: left;\"><b><\/b>Periodontia ou periodontologia \u00e9 a ci\u00eancia que estuda e trata as doen\u00e7as do sistema de implanta\u00e7\u00e3o e suporte dos dentes. Este aparelho \u00e9 formado por osso alveolar, ligamento periodontal e cemento. As altera\u00e7\u00f5es patol\u00f3gicas do periodonto s\u00e3o chamadas doen\u00e7as periodontais, gengivite e periodontite.<\/div>\n<\/div>\n<\/div>\n<div id=\"njcdgcofcbnlbpkpdhmlmiblaglnkpnj\">\u00a0<\/div>\n<\/div>\n<\/div>\n\t\t\t\t\t\t\t\t<\/div>\n\t\t\t\t<\/div>\n\t\t\t\t\t<\/div>\n\t\t<\/div>\n\t\t\t\t\t<\/div>\n\t\t<\/section>\n\t\t\t\t<\/div>\n\t\t","protected":false},"excerpt":{"rendered":"<p>Solicite seu or\u00e7amento Periodontia Periodontia ou periodontologia \u00e9 a ci\u00eancia que estuda e trata as doen\u00e7as do sistema de implanta\u00e7\u00e3o e suporte dos dentes. Este aparelho \u00e9 formado por osso alveolar, ligamento periodontal e cemento. As altera\u00e7\u00f5es patol\u00f3gicas do periodonto s\u00e3o chamadas doen\u00e7as periodontais, gengivite e periodontite. \u00a0<\/p>\n","protected":false},"author":2,"featured_media":0,"parent":0,"menu_order":0,"comment_status":"closed","ping_status":"closed","template":"","meta":{"footnotes":""},"class_list":["post-11693","page","type-page","status-publish","hentry","no-thumb"],"yoast_head":"<!-- This site is optimized with the Yoast SEO Premium plugin v21.4 (Yoast SEO v27.5) - https:\/\/yoast.com\/product\/yoast-seo-premium-wordpress\/ -->\n<title>Especialidade Periodontia - Oralmed<\/title>\n<meta name=\"robots\" content=\"index, follow, max-snippet:-1, max-image-preview:large, max-video-preview:-1\" \/>\n<link rel=\"canonical\" href=\"https:\/\/www.oralmed.com.br\/ce\/periodontia\/\" \/>\n<meta property=\"og:locale\" content=\"pt_BR\" \/>\n<meta property=\"og:type\" content=\"article\" \/>\n<meta property=\"og:title\" content=\"Especialidade Periodontia\" \/>\n<meta property=\"og:description\" content=\"Solicite seu or\u00e7amento Periodontia Periodontia ou periodontologia \u00e9 a ci\u00eancia que estuda e trata as doen\u00e7as do sistema de implanta\u00e7\u00e3o e suporte dos dentes. Este aparelho \u00e9 formado por osso alveolar, ligamento periodontal e cemento. As altera\u00e7\u00f5es patol\u00f3gicas do periodonto s\u00e3o chamadas doen\u00e7as periodontais, gengivite e periodontite. \u00a0\" \/>\n<meta property=\"og:url\" content=\"https:\/\/www.oralmed.com.br\/ce\/periodontia\/\" \/>\n<meta property=\"og:site_name\" content=\"Oralmed\" \/>\n<meta property=\"article:publisher\" content=\"https:\/\/www.facebook.com\/oralmedlondrina\/\" \/>\n<meta property=\"article:modified_time\" content=\"2025-02-03T04:42:05+00:00\" \/>\n<meta property=\"og:image\" content=\"https:\/\/www.oralmed.com.br\/ce\/wp-content\/uploads\/2019\/10\/icon-img-12.png\" \/>\n\t<meta property=\"og:image:width\" content=\"90\" \/>\n\t<meta property=\"og:image:height\" content=\"90\" \/>\n\t<meta property=\"og:image:type\" content=\"image\/png\" \/>\n<meta name=\"twitter:label1\" content=\"Est. tempo de leitura\" \/>\n\t<meta name=\"twitter:data1\" content=\"1 minuto\" \/>\n<script type=\"application\/ld+json\" class=\"yoast-schema-graph\">{\"@context\":\"https:\\\/\\\/schema.org\",\"@graph\":[{\"@type\":\"WebPage\",\"@id\":\"https:\\\/\\\/www.oralmed.com.br\\\/ce\\\/periodontia\\\/\",\"url\":\"https:\\\/\\\/www.oralmed.com.br\\\/ce\\\/periodontia\\\/\",\"name\":\"Especialidade Periodontia - Oralmed\",\"isPartOf\":{\"@id\":\"https:\\\/\\\/www.oralmed.com.br\\\/ce\\\/#website\"},\"primaryImageOfPage\":{\"@id\":\"https:\\\/\\\/www.oralmed.com.br\\\/ce\\\/periodontia\\\/#primaryimage\"},\"image\":{\"@id\":\"https:\\\/\\\/www.oralmed.com.br\\\/ce\\\/periodontia\\\/#primaryimage\"},\"thumbnailUrl\":\"https:\\\/\\\/www.oralmed.com.br\\\/ce\\\/wp-content\\\/uploads\\\/2019\\\/10\\\/icon-img-12.png\",\"datePublished\":\"2025-02-03T04:39:35+00:00\",\"dateModified\":\"2025-02-03T04:42:05+00:00\",\"breadcrumb\":{\"@id\":\"https:\\\/\\\/www.oralmed.com.br\\\/ce\\\/periodontia\\\/#breadcrumb\"},\"inLanguage\":\"pt-BR\",\"potentialAction\":[{\"@type\":\"ReadAction\",\"target\":[\"https:\\\/\\\/www.oralmed.com.br\\\/ce\\\/periodontia\\\/\"]}]},{\"@type\":\"ImageObject\",\"inLanguage\":\"pt-BR\",\"@id\":\"https:\\\/\\\/www.oralmed.com.br\\\/ce\\\/periodontia\\\/#primaryimage\",\"url\":\"https:\\\/\\\/www.oralmed.com.br\\\/ce\\\/wp-content\\\/uploads\\\/2019\\\/10\\\/icon-img-12.png\",\"contentUrl\":\"https:\\\/\\\/www.oralmed.com.br\\\/ce\\\/wp-content\\\/uploads\\\/2019\\\/10\\\/icon-img-12.png\",\"width\":90,\"height\":90},{\"@type\":\"BreadcrumbList\",\"@id\":\"https:\\\/\\\/www.oralmed.com.br\\\/ce\\\/periodontia\\\/#breadcrumb\",\"itemListElement\":[{\"@type\":\"ListItem\",\"position\":1,\"name\":\"In\u00edcio\",\"item\":\"https:\\\/\\\/www.oralmed.com.br\\\/ce\\\/\"},{\"@type\":\"ListItem\",\"position\":2,\"name\":\"Especialidade Periodontia\"}]},{\"@type\":\"WebSite\",\"@id\":\"https:\\\/\\\/www.oralmed.com.br\\\/ce\\\/#website\",\"url\":\"https:\\\/\\\/www.oralmed.com.br\\\/ce\\\/\",\"name\":\"Oralmed\",\"description\":\"Centro Especializado\",\"publisher\":{\"@id\":\"https:\\\/\\\/www.oralmed.com.br\\\/ce\\\/#organization\"},\"potentialAction\":[{\"@type\":\"SearchAction\",\"target\":{\"@type\":\"EntryPoint\",\"urlTemplate\":\"https:\\\/\\\/www.oralmed.com.br\\\/ce\\\/?s={search_term_string}\"},\"query-input\":{\"@type\":\"PropertyValueSpecification\",\"valueRequired\":true,\"valueName\":\"search_term_string\"}}],\"inLanguage\":\"pt-BR\"},{\"@type\":\"Organization\",\"@id\":\"https:\\\/\\\/www.oralmed.com.br\\\/ce\\\/#organization\",\"name\":\"Oralmed Centro Odontol\u00f3gico\",\"url\":\"https:\\\/\\\/www.oralmed.com.br\\\/ce\\\/\",\"logo\":{\"@type\":\"ImageObject\",\"inLanguage\":\"pt-BR\",\"@id\":\"https:\\\/\\\/www.oralmed.com.br\\\/ce\\\/#\\\/schema\\\/logo\\\/image\\\/\",\"url\":\"https:\\\/\\\/www.oralmed.com.br\\\/ce\\\/wp-content\\\/uploads\\\/2019\\\/10\\\/logo_oralmed_centro_especializado150x.gif\",\"contentUrl\":\"https:\\\/\\\/www.oralmed.com.br\\\/ce\\\/wp-content\\\/uploads\\\/2019\\\/10\\\/logo_oralmed_centro_especializado150x.gif\",\"width\":150,\"height\":42,\"caption\":\"Oralmed Centro Odontol\u00f3gico\"},\"image\":{\"@id\":\"https:\\\/\\\/www.oralmed.com.br\\\/ce\\\/#\\\/schema\\\/logo\\\/image\\\/\"},\"sameAs\":[\"https:\\\/\\\/www.facebook.com\\\/oralmedlondrina\\\/\",\"https:\\\/\\\/www.instagram.com\\\/oralmedlondrina\\\/\"]}]}<\/script>\n<!-- \/ Yoast SEO Premium plugin. -->","yoast_head_json":{"title":"Especialidade Periodontia - Oralmed","robots":{"index":"index","follow":"follow","max-snippet":"max-snippet:-1","max-image-preview":"max-image-preview:large","max-video-preview":"max-video-preview:-1"},"canonical":"https:\/\/www.oralmed.com.br\/ce\/periodontia\/","og_locale":"pt_BR","og_type":"article","og_title":"Especialidade Periodontia","og_description":"Solicite seu or\u00e7amento Periodontia Periodontia ou periodontologia \u00e9 a ci\u00eancia que estuda e trata as doen\u00e7as do sistema de implanta\u00e7\u00e3o e suporte dos dentes. Este aparelho \u00e9 formado por osso alveolar, ligamento periodontal e cemento. As altera\u00e7\u00f5es patol\u00f3gicas do periodonto s\u00e3o chamadas doen\u00e7as periodontais, gengivite e periodontite. \u00a0","og_url":"https:\/\/www.oralmed.com.br\/ce\/periodontia\/","og_site_name":"Oralmed","article_publisher":"https:\/\/www.facebook.com\/oralmedlondrina\/","article_modified_time":"2025-02-03T04:42:05+00:00","og_image":[{"width":90,"height":90,"url":"https:\/\/www.oralmed.com.br\/ce\/wp-content\/uploads\/2019\/10\/icon-img-12.png","type":"image\/png"}],"twitter_misc":{"Est. tempo de leitura":"1 minuto"},"schema":{"@context":"https:\/\/schema.org","@graph":[{"@type":"WebPage","@id":"https:\/\/www.oralmed.com.br\/ce\/periodontia\/","url":"https:\/\/www.oralmed.com.br\/ce\/periodontia\/","name":"Especialidade Periodontia - Oralmed","isPartOf":{"@id":"https:\/\/www.oralmed.com.br\/ce\/#website"},"primaryImageOfPage":{"@id":"https:\/\/www.oralmed.com.br\/ce\/periodontia\/#primaryimage"},"image":{"@id":"https:\/\/www.oralmed.com.br\/ce\/periodontia\/#primaryimage"},"thumbnailUrl":"https:\/\/www.oralmed.com.br\/ce\/wp-content\/uploads\/2019\/10\/icon-img-12.png","datePublished":"2025-02-03T04:39:35+00:00","dateModified":"2025-02-03T04:42:05+00:00","breadcrumb":{"@id":"https:\/\/www.oralmed.com.br\/ce\/periodontia\/#breadcrumb"},"inLanguage":"pt-BR","potentialAction":[{"@type":"ReadAction","target":["https:\/\/www.oralmed.com.br\/ce\/periodontia\/"]}]},{"@type":"ImageObject","inLanguage":"pt-BR","@id":"https:\/\/www.oralmed.com.br\/ce\/periodontia\/#primaryimage","url":"https:\/\/www.oralmed.com.br\/ce\/wp-content\/uploads\/2019\/10\/icon-img-12.png","contentUrl":"https:\/\/www.oralmed.com.br\/ce\/wp-content\/uploads\/2019\/10\/icon-img-12.png","width":90,"height":90},{"@type":"BreadcrumbList","@id":"https:\/\/www.oralmed.com.br\/ce\/periodontia\/#breadcrumb","itemListElement":[{"@type":"ListItem","position":1,"name":"In\u00edcio","item":"https:\/\/www.oralmed.com.br\/ce\/"},{"@type":"ListItem","position":2,"name":"Especialidade Periodontia"}]},{"@type":"WebSite","@id":"https:\/\/www.oralmed.com.br\/ce\/#website","url":"https:\/\/www.oralmed.com.br\/ce\/","name":"Oralmed","description":"Centro Especializado","publisher":{"@id":"https:\/\/www.oralmed.com.br\/ce\/#organization"},"potentialAction":[{"@type":"SearchAction","target":{"@type":"EntryPoint","urlTemplate":"https:\/\/www.oralmed.com.br\/ce\/?s={search_term_string}"},"query-input":{"@type":"PropertyValueSpecification","valueRequired":true,"valueName":"search_term_string"}}],"inLanguage":"pt-BR"},{"@type":"Organization","@id":"https:\/\/www.oralmed.com.br\/ce\/#organization","name":"Oralmed Centro Odontol\u00f3gico","url":"https:\/\/www.oralmed.com.br\/ce\/","logo":{"@type":"ImageObject","inLanguage":"pt-BR","@id":"https:\/\/www.oralmed.com.br\/ce\/#\/schema\/logo\/image\/","url":"https:\/\/www.oralmed.com.br\/ce\/wp-content\/uploads\/2019\/10\/logo_oralmed_centro_especializado150x.gif","contentUrl":"https:\/\/www.oralmed.com.br\/ce\/wp-content\/uploads\/2019\/10\/logo_oralmed_centro_especializado150x.gif","width":150,"height":42,"caption":"Oralmed Centro Odontol\u00f3gico"},"image":{"@id":"https:\/\/www.oralmed.com.br\/ce\/#\/schema\/logo\/image\/"},"sameAs":["https:\/\/www.facebook.com\/oralmedlondrina\/","https:\/\/www.instagram.com\/oralmedlondrina\/"]}]}},"_links":{"self":[{"href":"https:\/\/www.oralmed.com.br\/ce\/wp-json\/wp\/v2\/pages\/11693","targetHints":{"allow":["GET"]}}],"collection":[{"href":"https:\/\/www.oralmed.com.br\/ce\/wp-json\/wp\/v2\/pages"}],"about":[{"href":"https:\/\/www.oralmed.com.br\/ce\/wp-json\/wp\/v2\/types\/page"}],"author":[{"embeddable":true,"href":"https:\/\/www.oralmed.com.br\/ce\/wp-json\/wp\/v2\/users\/2"}],"replies":[{"embeddable":true,"href":"https:\/\/www.oralmed.com.br\/ce\/wp-json\/wp\/v2\/comments?post=11693"}],"version-history":[{"count":4,"href":"https:\/\/www.oralmed.com.br\/ce\/wp-json\/wp\/v2\/pages\/11693\/revisions"}],"predecessor-version":[{"id":11697,"href":"https:\/\/www.oralmed.com.br\/ce\/wp-json\/wp\/v2\/pages\/11693\/revisions\/11697"}],"wp:attachment":[{"href":"https:\/\/www.oralmed.com.br\/ce\/wp-json\/wp\/v2\/media?parent=11693"}],"curies":[{"name":"wp","href":"https:\/\/api.w.org\/{rel}","templated":true}]}}