{"id":9221,"date":"2019-09-25T16:57:26","date_gmt":"2019-09-25T19:57:26","guid":{"rendered":"https:\/\/oralmed.com.br\/centroespecializado\/?page_id=9221"},"modified":"2025-02-18T15:19:17","modified_gmt":"2025-02-18T18:19:17","slug":"implantes","status":"publish","type":"page","link":"https:\/\/www.oralmed.com.br\/ce\/implantes\/","title":{"rendered":"Especialidade Implante Dent\u00e1rio"},"content":{"rendered":"\t\t<div data-elementor-type=\"wp-page\" data-elementor-id=\"9221\" class=\"elementor elementor-9221\" data-elementor-post-type=\"page\">\n\t\t\t\t\t\t<section class=\"elementor-section elementor-top-section elementor-element elementor-element-90ac463 elementor-section-boxed elementor-section-height-default elementor-section-height-default\" data-id=\"90ac463\" data-element_type=\"section\" data-e-type=\"section\">\n\t\t\t\t\t\t<div class=\"elementor-container elementor-column-gap-default\">\n\t\t\t\t\t<div class=\"elementor-column elementor-col-50 elementor-top-column elementor-element elementor-element-f3cc72b\" data-id=\"f3cc72b\" data-element_type=\"column\" data-e-type=\"column\">\n\t\t\t<div class=\"elementor-widget-wrap elementor-element-populated\">\n\t\t\t\t\t\t<div class=\"elementor-element elementor-element-09d104e elementor-widget elementor-widget-image\" data-id=\"09d104e\" data-element_type=\"widget\" data-e-type=\"widget\" data-widget_type=\"image.default\">\n\t\t\t\t<div class=\"elementor-widget-container\">\n\t\t\t\t\t\t\t\t\t\t\t\t\t\t\t<img fetchpriority=\"high\" decoding=\"async\" width=\"501\" height=\"400\" src=\"https:\/\/www.oralmed.com.br\/ce\/wp-content\/uploads\/2025\/02\/casal-implante-dentario-oralmed.png\" class=\"attachment-large size-large wp-image-11766\" alt=\"\" srcset=\"https:\/\/www.oralmed.com.br\/ce\/wp-content\/uploads\/2025\/02\/casal-implante-dentario-oralmed.png 501w, https:\/\/www.oralmed.com.br\/ce\/wp-content\/uploads\/2025\/02\/casal-implante-dentario-oralmed-300x240.png 300w, https:\/\/www.oralmed.com.br\/ce\/wp-content\/uploads\/2025\/02\/casal-implante-dentario-oralmed-418x334.png 418w\" sizes=\"(max-width: 501px) 100vw, 501px\" \/>\t\t\t\t\t\t\t\t\t\t\t\t\t\t\t<\/div>\n\t\t\t\t<\/div>\n\t\t\t\t\t<\/div>\n\t\t<\/div>\n\t\t\t\t<div class=\"elementor-column elementor-col-50 elementor-top-column elementor-element elementor-element-d09692f\" data-id=\"d09692f\" data-element_type=\"column\" data-e-type=\"column\">\n\t\t\t<div class=\"elementor-widget-wrap elementor-element-populated\">\n\t\t\t\t\t\t<div class=\"elementor-element elementor-element-59930ae elementor-position-left elementor-vertical-align-top elementor-widget elementor-widget-image-box\" data-id=\"59930ae\" data-element_type=\"widget\" data-e-type=\"widget\" data-widget_type=\"image-box.default\">\n\t\t\t\t<div class=\"elementor-widget-container\">\n\t\t\t\t\t<div class=\"elementor-image-box-wrapper\"><figure class=\"elementor-image-box-img\"><img decoding=\"async\" width=\"90\" height=\"90\" src=\"https:\/\/www.oralmed.com.br\/ce\/wp-content\/uploads\/2019\/10\/implante_dentario.gif\" class=\"attachment-full size-full wp-image-9287\" alt=\"\" srcset=\"https:\/\/www.oralmed.com.br\/ce\/wp-content\/uploads\/2019\/10\/implante_dentario.gif 90w, https:\/\/www.oralmed.com.br\/ce\/wp-content\/uploads\/2019\/10\/implante_dentario-89x90.gif 89w\" sizes=\"(max-width: 90px) 100vw, 90px\" \/><\/figure><div class=\"elementor-image-box-content\"><h1 class=\"elementor-image-box-title\"><b>Implante Dent\u00e1rio<\/b><\/h1><\/div><\/div>\t\t\t\t<\/div>\n\t\t\t\t<\/div>\n\t\t\t\t<div class=\"elementor-element elementor-element-d297efa elementor-widget elementor-widget-spacer\" data-id=\"d297efa\" data-element_type=\"widget\" data-e-type=\"widget\" data-widget_type=\"spacer.default\">\n\t\t\t\t<div class=\"elementor-widget-container\">\n\t\t\t\t\t\t\t<div class=\"elementor-spacer\">\n\t\t\t<div class=\"elementor-spacer-inner\"><\/div>\n\t\t<\/div>\n\t\t\t\t\t\t<\/div>\n\t\t\t\t<\/div>\n\t\t\t\t<div class=\"elementor-element elementor-element-0395f2c elementor-widget elementor-widget-spacer\" data-id=\"0395f2c\" data-element_type=\"widget\" data-e-type=\"widget\" data-widget_type=\"spacer.default\">\n\t\t\t\t<div class=\"elementor-widget-container\">\n\t\t\t\t\t\t\t<div class=\"elementor-spacer\">\n\t\t\t<div class=\"elementor-spacer-inner\"><\/div>\n\t\t<\/div>\n\t\t\t\t\t\t<\/div>\n\t\t\t\t<\/div>\n\t\t\t\t<div class=\"elementor-element elementor-element-f526873 elementor-align-right elementor-widget elementor-widget-button\" data-id=\"f526873\" data-element_type=\"widget\" data-e-type=\"widget\" data-widget_type=\"button.default\">\n\t\t\t\t<div class=\"elementor-widget-container\">\n\t\t\t\t\t\t\t\t\t<div class=\"elementor-button-wrapper\">\n\t\t\t\t\t<a class=\"elementor-button elementor-button-link elementor-size-sm\" href=\"http:\/\/www.oralmed.com.br\/ce\/contato_orcamento\/\">\n\t\t\t\t\t\t<span class=\"elementor-button-content-wrapper\">\n\t\t\t\t\t\t<span class=\"elementor-button-icon\">\n\t\t\t\t<i aria-hidden=\"true\" class=\"fas fa-check-double\"><\/i>\t\t\t<\/span>\n\t\t\t\t\t\t\t\t\t<span class=\"elementor-button-text\">Solicite seu or\u00e7amento<\/span>\n\t\t\t\t\t<\/span>\n\t\t\t\t\t<\/a>\n\t\t\t\t<\/div>\n\t\t\t\t\t\t\t\t<\/div>\n\t\t\t\t<\/div>\n\t\t\t\t\t<\/div>\n\t\t<\/div>\n\t\t\t\t\t<\/div>\n\t\t<\/section>\n\t\t\t\t<section class=\"elementor-section elementor-top-section elementor-element elementor-element-2f7dc6a elementor-section-boxed elementor-section-height-default elementor-section-height-default\" data-id=\"2f7dc6a\" data-element_type=\"section\" data-e-type=\"section\">\n\t\t\t\t\t\t<div class=\"elementor-container elementor-column-gap-default\">\n\t\t\t\t\t<div class=\"elementor-column elementor-col-100 elementor-top-column elementor-element elementor-element-e178d36\" data-id=\"e178d36\" data-element_type=\"column\" data-e-type=\"column\">\n\t\t\t<div class=\"elementor-widget-wrap elementor-element-populated\">\n\t\t\t\t\t\t<div class=\"elementor-element elementor-element-4f73cb0 elementor-widget elementor-widget-text-editor\" data-id=\"4f73cb0\" data-element_type=\"widget\" data-e-type=\"widget\" data-widget_type=\"text-editor.default\">\n\t\t\t\t<div class=\"elementor-widget-container\">\n\t\t\t\t\t\t\t\t\t\n<div><strong>Implantodontia\u00a0<\/strong><br \/>Implantes dent\u00e1rios s\u00e3o substitutos das ra\u00edzes dent\u00e1rias perdidas. S\u00e3o confeccionados com tit\u00e2nio e instalados no osso da maxila e mand\u00edbula. Uma vez colocados, permitem ao dentista montar dentes substitutos sobre eles. Podem ser unit\u00e1rios ou m\u00faltiplos.<br \/><img decoding=\"async\" src=\"http:\/\/www.oralmedlondrina.com.br\/media\/uploads\/paginas\/shutterstock_100022129.jpg\" alt=\"\" \/><br \/><strong>Overdenture ou Protocolo<\/strong><br \/>Na perda de todos os dentes \u00e9 poss\u00edvel fixar melhor uma pr\u00f3tese total (dentadura) ou uma pr\u00f3tese fixa sobre os implantes, permitindo ao paciente maior efici\u00eancia mastigat\u00f3ria e maior conforto.<br \/><br \/><\/div>\n\t\t\t\t\t\t\t\t<\/div>\n\t\t\t\t<\/div>\n\t\t\t\t\t<\/div>\n\t\t<\/div>\n\t\t\t\t\t<\/div>\n\t\t<\/section>\n\t\t\t\t<\/div>\n\t\t","protected":false},"excerpt":{"rendered":"<p>Implante Dent\u00e1rio Solicite seu or\u00e7amento Implantodontia\u00a0Implantes dent\u00e1rios s\u00e3o substitutos das ra\u00edzes dent\u00e1rias perdidas. S\u00e3o confeccionados com tit\u00e2nio e instalados no osso da maxila e mand\u00edbula. Uma vez colocados, permitem ao dentista montar dentes substitutos sobre eles. Podem ser unit\u00e1rios ou m\u00faltiplos.Overdenture ou ProtocoloNa perda de todos os dentes \u00e9 poss\u00edvel fixar melhor uma pr\u00f3tese total &hellip;<\/p>\n","protected":false},"author":2,"featured_media":0,"parent":0,"menu_order":0,"comment_status":"closed","ping_status":"closed","template":"","meta":{"footnotes":""},"class_list":["post-9221","page","type-page","status-publish","hentry","no-thumb"],"yoast_head":"<!-- This site is optimized with the Yoast SEO Premium plugin v21.4 (Yoast SEO v27.5) - https:\/\/yoast.com\/product\/yoast-seo-premium-wordpress\/ -->\n<title>Oralmed - Centro Odontol\u00f3gico Especializado - Londrina<\/title>\n<meta name=\"description\" content=\"Implantes dent\u00e1rios s\u00e3o substitutos das ra\u00edzes dent\u00e1rias perdidas. S\u00e3o confeccionados com tit\u00e2nio e instalados no osso da maxila e mand\u00edbula.\" \/>\n<meta name=\"robots\" content=\"index, follow, max-snippet:-1, max-image-preview:large, max-video-preview:-1\" \/>\n<link rel=\"canonical\" href=\"https:\/\/www.oralmed.com.br\/ce\/implantes\/\" \/>\n<meta property=\"og:locale\" content=\"pt_BR\" \/>\n<meta property=\"og:type\" content=\"article\" \/>\n<meta property=\"og:title\" content=\"Especialidade Implante Dent\u00e1rio\" \/>\n<meta property=\"og:description\" content=\"Implantes dent\u00e1rios s\u00e3o substitutos das ra\u00edzes dent\u00e1rias perdidas. S\u00e3o confeccionados com tit\u00e2nio e instalados no osso da maxila e mand\u00edbula.\" \/>\n<meta property=\"og:url\" content=\"https:\/\/www.oralmed.com.br\/ce\/implantes\/\" \/>\n<meta property=\"og:site_name\" content=\"Oralmed\" \/>\n<meta property=\"article:publisher\" content=\"https:\/\/www.facebook.com\/oralmedlondrina\/\" \/>\n<meta property=\"article:modified_time\" content=\"2025-02-18T18:19:17+00:00\" \/>\n<meta property=\"og:image\" content=\"https:\/\/www.oralmed.com.br\/ce\/wp-content\/uploads\/2025\/02\/casal-implante-dentario-oralmed.png\" \/>\n\t<meta property=\"og:image:width\" content=\"501\" \/>\n\t<meta property=\"og:image:height\" content=\"400\" \/>\n\t<meta property=\"og:image:type\" content=\"image\/png\" \/>\n<meta name=\"twitter:label1\" content=\"Est. tempo de leitura\" \/>\n\t<meta name=\"twitter:data1\" content=\"1 minuto\" \/>\n<script type=\"application\/ld+json\" class=\"yoast-schema-graph\">{\"@context\":\"https:\\\/\\\/schema.org\",\"@graph\":[{\"@type\":\"WebPage\",\"@id\":\"https:\\\/\\\/www.oralmed.com.br\\\/ce\\\/implantes\\\/\",\"url\":\"https:\\\/\\\/www.oralmed.com.br\\\/ce\\\/implantes\\\/\",\"name\":\"Oralmed - Centro Odontol\u00f3gico Especializado - Londrina\",\"isPartOf\":{\"@id\":\"https:\\\/\\\/www.oralmed.com.br\\\/ce\\\/#website\"},\"primaryImageOfPage\":{\"@id\":\"https:\\\/\\\/www.oralmed.com.br\\\/ce\\\/implantes\\\/#primaryimage\"},\"image\":{\"@id\":\"https:\\\/\\\/www.oralmed.com.br\\\/ce\\\/implantes\\\/#primaryimage\"},\"thumbnailUrl\":\"https:\\\/\\\/www.oralmed.com.br\\\/ce\\\/wp-content\\\/uploads\\\/2025\\\/02\\\/casal-implante-dentario-oralmed.png\",\"datePublished\":\"2019-09-25T19:57:26+00:00\",\"dateModified\":\"2025-02-18T18:19:17+00:00\",\"description\":\"Implantes dent\u00e1rios s\u00e3o substitutos das ra\u00edzes dent\u00e1rias perdidas. S\u00e3o confeccionados com tit\u00e2nio e instalados no osso da maxila e mand\u00edbula.\",\"breadcrumb\":{\"@id\":\"https:\\\/\\\/www.oralmed.com.br\\\/ce\\\/implantes\\\/#breadcrumb\"},\"inLanguage\":\"pt-BR\",\"potentialAction\":[{\"@type\":\"ReadAction\",\"target\":[\"https:\\\/\\\/www.oralmed.com.br\\\/ce\\\/implantes\\\/\"]}]},{\"@type\":\"ImageObject\",\"inLanguage\":\"pt-BR\",\"@id\":\"https:\\\/\\\/www.oralmed.com.br\\\/ce\\\/implantes\\\/#primaryimage\",\"url\":\"https:\\\/\\\/www.oralmed.com.br\\\/ce\\\/wp-content\\\/uploads\\\/2025\\\/02\\\/casal-implante-dentario-oralmed.png\",\"contentUrl\":\"https:\\\/\\\/www.oralmed.com.br\\\/ce\\\/wp-content\\\/uploads\\\/2025\\\/02\\\/casal-implante-dentario-oralmed.png\",\"width\":501,\"height\":400},{\"@type\":\"BreadcrumbList\",\"@id\":\"https:\\\/\\\/www.oralmed.com.br\\\/ce\\\/implantes\\\/#breadcrumb\",\"itemListElement\":[{\"@type\":\"ListItem\",\"position\":1,\"name\":\"In\u00edcio\",\"item\":\"https:\\\/\\\/www.oralmed.com.br\\\/ce\\\/\"},{\"@type\":\"ListItem\",\"position\":2,\"name\":\"Especialidade Implante Dent\u00e1rio\"}]},{\"@type\":\"WebSite\",\"@id\":\"https:\\\/\\\/www.oralmed.com.br\\\/ce\\\/#website\",\"url\":\"https:\\\/\\\/www.oralmed.com.br\\\/ce\\\/\",\"name\":\"Oralmed\",\"description\":\"Centro Especializado\",\"publisher\":{\"@id\":\"https:\\\/\\\/www.oralmed.com.br\\\/ce\\\/#organization\"},\"potentialAction\":[{\"@type\":\"SearchAction\",\"target\":{\"@type\":\"EntryPoint\",\"urlTemplate\":\"https:\\\/\\\/www.oralmed.com.br\\\/ce\\\/?s={search_term_string}\"},\"query-input\":{\"@type\":\"PropertyValueSpecification\",\"valueRequired\":true,\"valueName\":\"search_term_string\"}}],\"inLanguage\":\"pt-BR\"},{\"@type\":\"Organization\",\"@id\":\"https:\\\/\\\/www.oralmed.com.br\\\/ce\\\/#organization\",\"name\":\"Oralmed Centro Odontol\u00f3gico\",\"url\":\"https:\\\/\\\/www.oralmed.com.br\\\/ce\\\/\",\"logo\":{\"@type\":\"ImageObject\",\"inLanguage\":\"pt-BR\",\"@id\":\"https:\\\/\\\/www.oralmed.com.br\\\/ce\\\/#\\\/schema\\\/logo\\\/image\\\/\",\"url\":\"https:\\\/\\\/www.oralmed.com.br\\\/ce\\\/wp-content\\\/uploads\\\/2019\\\/10\\\/logo_oralmed_centro_especializado150x.gif\",\"contentUrl\":\"https:\\\/\\\/www.oralmed.com.br\\\/ce\\\/wp-content\\\/uploads\\\/2019\\\/10\\\/logo_oralmed_centro_especializado150x.gif\",\"width\":150,\"height\":42,\"caption\":\"Oralmed Centro Odontol\u00f3gico\"},\"image\":{\"@id\":\"https:\\\/\\\/www.oralmed.com.br\\\/ce\\\/#\\\/schema\\\/logo\\\/image\\\/\"},\"sameAs\":[\"https:\\\/\\\/www.facebook.com\\\/oralmedlondrina\\\/\",\"https:\\\/\\\/www.instagram.com\\\/oralmedlondrina\\\/\"]}]}<\/script>\n<!-- \/ Yoast SEO Premium plugin. -->","yoast_head_json":{"title":"Oralmed - Centro Odontol\u00f3gico Especializado - Londrina","description":"Implantes dent\u00e1rios s\u00e3o substitutos das ra\u00edzes dent\u00e1rias perdidas. S\u00e3o confeccionados com tit\u00e2nio e instalados no osso da maxila e mand\u00edbula.","robots":{"index":"index","follow":"follow","max-snippet":"max-snippet:-1","max-image-preview":"max-image-preview:large","max-video-preview":"max-video-preview:-1"},"canonical":"https:\/\/www.oralmed.com.br\/ce\/implantes\/","og_locale":"pt_BR","og_type":"article","og_title":"Especialidade Implante Dent\u00e1rio","og_description":"Implantes dent\u00e1rios s\u00e3o substitutos das ra\u00edzes dent\u00e1rias perdidas. S\u00e3o confeccionados com tit\u00e2nio e instalados no osso da maxila e mand\u00edbula.","og_url":"https:\/\/www.oralmed.com.br\/ce\/implantes\/","og_site_name":"Oralmed","article_publisher":"https:\/\/www.facebook.com\/oralmedlondrina\/","article_modified_time":"2025-02-18T18:19:17+00:00","og_image":[{"width":501,"height":400,"url":"https:\/\/www.oralmed.com.br\/ce\/wp-content\/uploads\/2025\/02\/casal-implante-dentario-oralmed.png","type":"image\/png"}],"twitter_misc":{"Est. tempo de leitura":"1 minuto"},"schema":{"@context":"https:\/\/schema.org","@graph":[{"@type":"WebPage","@id":"https:\/\/www.oralmed.com.br\/ce\/implantes\/","url":"https:\/\/www.oralmed.com.br\/ce\/implantes\/","name":"Oralmed - Centro Odontol\u00f3gico Especializado - Londrina","isPartOf":{"@id":"https:\/\/www.oralmed.com.br\/ce\/#website"},"primaryImageOfPage":{"@id":"https:\/\/www.oralmed.com.br\/ce\/implantes\/#primaryimage"},"image":{"@id":"https:\/\/www.oralmed.com.br\/ce\/implantes\/#primaryimage"},"thumbnailUrl":"https:\/\/www.oralmed.com.br\/ce\/wp-content\/uploads\/2025\/02\/casal-implante-dentario-oralmed.png","datePublished":"2019-09-25T19:57:26+00:00","dateModified":"2025-02-18T18:19:17+00:00","description":"Implantes dent\u00e1rios s\u00e3o substitutos das ra\u00edzes dent\u00e1rias perdidas. S\u00e3o confeccionados com tit\u00e2nio e instalados no osso da maxila e mand\u00edbula.","breadcrumb":{"@id":"https:\/\/www.oralmed.com.br\/ce\/implantes\/#breadcrumb"},"inLanguage":"pt-BR","potentialAction":[{"@type":"ReadAction","target":["https:\/\/www.oralmed.com.br\/ce\/implantes\/"]}]},{"@type":"ImageObject","inLanguage":"pt-BR","@id":"https:\/\/www.oralmed.com.br\/ce\/implantes\/#primaryimage","url":"https:\/\/www.oralmed.com.br\/ce\/wp-content\/uploads\/2025\/02\/casal-implante-dentario-oralmed.png","contentUrl":"https:\/\/www.oralmed.com.br\/ce\/wp-content\/uploads\/2025\/02\/casal-implante-dentario-oralmed.png","width":501,"height":400},{"@type":"BreadcrumbList","@id":"https:\/\/www.oralmed.com.br\/ce\/implantes\/#breadcrumb","itemListElement":[{"@type":"ListItem","position":1,"name":"In\u00edcio","item":"https:\/\/www.oralmed.com.br\/ce\/"},{"@type":"ListItem","position":2,"name":"Especialidade Implante Dent\u00e1rio"}]},{"@type":"WebSite","@id":"https:\/\/www.oralmed.com.br\/ce\/#website","url":"https:\/\/www.oralmed.com.br\/ce\/","name":"Oralmed","description":"Centro Especializado","publisher":{"@id":"https:\/\/www.oralmed.com.br\/ce\/#organization"},"potentialAction":[{"@type":"SearchAction","target":{"@type":"EntryPoint","urlTemplate":"https:\/\/www.oralmed.com.br\/ce\/?s={search_term_string}"},"query-input":{"@type":"PropertyValueSpecification","valueRequired":true,"valueName":"search_term_string"}}],"inLanguage":"pt-BR"},{"@type":"Organization","@id":"https:\/\/www.oralmed.com.br\/ce\/#organization","name":"Oralmed Centro Odontol\u00f3gico","url":"https:\/\/www.oralmed.com.br\/ce\/","logo":{"@type":"ImageObject","inLanguage":"pt-BR","@id":"https:\/\/www.oralmed.com.br\/ce\/#\/schema\/logo\/image\/","url":"https:\/\/www.oralmed.com.br\/ce\/wp-content\/uploads\/2019\/10\/logo_oralmed_centro_especializado150x.gif","contentUrl":"https:\/\/www.oralmed.com.br\/ce\/wp-content\/uploads\/2019\/10\/logo_oralmed_centro_especializado150x.gif","width":150,"height":42,"caption":"Oralmed Centro Odontol\u00f3gico"},"image":{"@id":"https:\/\/www.oralmed.com.br\/ce\/#\/schema\/logo\/image\/"},"sameAs":["https:\/\/www.facebook.com\/oralmedlondrina\/","https:\/\/www.instagram.com\/oralmedlondrina\/"]}]}},"_links":{"self":[{"href":"https:\/\/www.oralmed.com.br\/ce\/wp-json\/wp\/v2\/pages\/9221","targetHints":{"allow":["GET"]}}],"collection":[{"href":"https:\/\/www.oralmed.com.br\/ce\/wp-json\/wp\/v2\/pages"}],"about":[{"href":"https:\/\/www.oralmed.com.br\/ce\/wp-json\/wp\/v2\/types\/page"}],"author":[{"embeddable":true,"href":"https:\/\/www.oralmed.com.br\/ce\/wp-json\/wp\/v2\/users\/2"}],"replies":[{"embeddable":true,"href":"https:\/\/www.oralmed.com.br\/ce\/wp-json\/wp\/v2\/comments?post=9221"}],"version-history":[{"count":47,"href":"https:\/\/www.oralmed.com.br\/ce\/wp-json\/wp\/v2\/pages\/9221\/revisions"}],"predecessor-version":[{"id":11786,"href":"https:\/\/www.oralmed.com.br\/ce\/wp-json\/wp\/v2\/pages\/9221\/revisions\/11786"}],"wp:attachment":[{"href":"https:\/\/www.oralmed.com.br\/ce\/wp-json\/wp\/v2\/media?parent=9221"}],"curies":[{"name":"wp","href":"https:\/\/api.w.org\/{rel}","templated":true}]}}