{"id":9237,"date":"2019-09-25T17:15:22","date_gmt":"2019-09-25T20:15:22","guid":{"rendered":"https:\/\/oralmed.com.br\/centroespecializado\/?page_id=9237"},"modified":"2019-09-25T17:16:08","modified_gmt":"2019-09-25T20:16:08","slug":"atendimento-particular","status":"publish","type":"page","link":"https:\/\/www.oralmed.com.br\/ce\/atendimento-particular\/","title":{"rendered":"atendimento-particular"},"content":{"rendered":"\t\t<div data-elementor-type=\"wp-page\" data-elementor-id=\"9237\" class=\"elementor elementor-9237\" data-elementor-post-type=\"page\">\n\t\t\t\t\t\t<section class=\"elementor-section elementor-top-section elementor-element elementor-element-85ae318 elementor-section-boxed elementor-section-height-default elementor-section-height-default\" data-id=\"85ae318\" data-element_type=\"section\" data-e-type=\"section\">\n\t\t\t\t\t\t<div class=\"elementor-container elementor-column-gap-default\">\n\t\t\t\t\t<div class=\"elementor-column elementor-col-100 elementor-top-column elementor-element elementor-element-7792fb9\" data-id=\"7792fb9\" data-element_type=\"column\" data-e-type=\"column\">\n\t\t\t<div class=\"elementor-widget-wrap elementor-element-populated\">\n\t\t\t\t\t\t<div class=\"elementor-element elementor-element-5240703 elementor-widget elementor-widget-heading\" data-id=\"5240703\" data-element_type=\"widget\" data-e-type=\"widget\" data-widget_type=\"heading.default\">\n\t\t\t\t<div class=\"elementor-widget-container\">\n\t\t\t\t\t<h2 class=\"elementor-heading-title elementor-size-default\">Atendimento a clientes particulares<\/h2>\t\t\t\t<\/div>\n\t\t\t\t<\/div>\n\t\t\t\t\t<\/div>\n\t\t<\/div>\n\t\t\t\t\t<\/div>\n\t\t<\/section>\n\t\t\t\t<section class=\"elementor-section elementor-top-section elementor-element elementor-element-671b554 elementor-section-boxed elementor-section-height-default elementor-section-height-default\" data-id=\"671b554\" data-element_type=\"section\" data-e-type=\"section\">\n\t\t\t\t\t\t<div class=\"elementor-container elementor-column-gap-default\">\n\t\t\t\t\t<div class=\"elementor-column elementor-col-100 elementor-top-column elementor-element elementor-element-d6e49a4\" data-id=\"d6e49a4\" data-element_type=\"column\" data-e-type=\"column\">\n\t\t\t<div class=\"elementor-widget-wrap elementor-element-populated\">\n\t\t\t\t\t\t<div class=\"elementor-element elementor-element-e03a84a elementor-widget elementor-widget-text-editor\" data-id=\"e03a84a\" data-element_type=\"widget\" data-e-type=\"widget\" data-widget_type=\"text-editor.default\">\n\t\t\t\t<div class=\"elementor-widget-container\">\n\t\t\t\t\t\t\t\t\t\n<p>O Centro Odontol\u00f3gico ORALMED, al\u00e9m de atender os pacientes do PLANO ORALMED, atende tamb\u00e9m pacientes particulares.<\/p>\n<p>Neste caso o paciente agenda uma consulta de avalia\u00e7\u00e3o para verificar quais s\u00e3o suas necessidades e assim elaborar um plano de tratamento, sendo informado sobre os custos e as diversas op\u00e7\u00f5es de pagamento.<\/p>\n<p>Ap\u00f3s elabora\u00e7\u00e3o do plano de tratamento e aprova\u00e7\u00e3o do mesmo, o paciente ser\u00e1 encaminhado para os dentistas especialistas do Centro Odontol\u00f3gico ORALMED para realizar suas restaura\u00e7\u00f5es, preven\u00e7\u00e3o, tratamentos de canal, pr\u00f3teses, implantes, ortodontia, cirurgias, e outros, conforme as necessidades apontadas.<\/p>\n\t\t\t\t\t\t\t\t<\/div>\n\t\t\t\t<\/div>\n\t\t\t\t\t<\/div>\n\t\t<\/div>\n\t\t\t\t\t<\/div>\n\t\t<\/section>\n\t\t\t\t<\/div>\n\t\t","protected":false},"excerpt":{"rendered":"<p>Atendimento a clientes particulares O Centro Odontol\u00f3gico ORALMED, al\u00e9m de atender os pacientes do PLANO ORALMED, atende tamb\u00e9m pacientes particulares. Neste caso o paciente agenda uma consulta de avalia\u00e7\u00e3o para verificar quais s\u00e3o suas necessidades e assim elaborar um plano de tratamento, sendo informado sobre os custos e as diversas op\u00e7\u00f5es de pagamento. Ap\u00f3s elabora\u00e7\u00e3o &hellip;<\/p>\n","protected":false},"author":2,"featured_media":0,"parent":0,"menu_order":0,"comment_status":"closed","ping_status":"closed","template":"","meta":{"footnotes":""},"class_list":["post-9237","page","type-page","status-publish","hentry","no-thumb"],"yoast_head":"<!-- This site is optimized with the Yoast SEO Premium plugin v21.4 (Yoast SEO v27.5) - https:\/\/yoast.com\/product\/yoast-seo-premium-wordpress\/ -->\n<title>atendimento-particular - Oralmed<\/title>\n<meta name=\"robots\" content=\"index, follow, max-snippet:-1, max-image-preview:large, max-video-preview:-1\" \/>\n<link rel=\"canonical\" href=\"https:\/\/www.oralmed.com.br\/ce\/atendimento-particular\/\" \/>\n<meta property=\"og:locale\" content=\"pt_BR\" \/>\n<meta property=\"og:type\" content=\"article\" \/>\n<meta property=\"og:title\" content=\"atendimento-particular\" \/>\n<meta property=\"og:description\" content=\"Atendimento a clientes particulares O Centro Odontol\u00f3gico ORALMED, al\u00e9m de atender os pacientes do PLANO ORALMED, atende tamb\u00e9m pacientes particulares. Neste caso o paciente agenda uma consulta de avalia\u00e7\u00e3o para verificar quais s\u00e3o suas necessidades e assim elaborar um plano de tratamento, sendo informado sobre os custos e as diversas op\u00e7\u00f5es de pagamento. Ap\u00f3s elabora\u00e7\u00e3o &hellip;\" \/>\n<meta property=\"og:url\" content=\"https:\/\/www.oralmed.com.br\/ce\/atendimento-particular\/\" \/>\n<meta property=\"og:site_name\" content=\"Oralmed\" \/>\n<meta property=\"article:publisher\" content=\"https:\/\/www.facebook.com\/oralmedlondrina\/\" \/>\n<meta property=\"article:modified_time\" content=\"2019-09-25T20:16:08+00:00\" \/>\n<meta property=\"og:image\" content=\"https:\/\/www.oralmed.com.br\/ce\/wp-content\/uploads\/2019\/10\/logo_oralmed_centro_especializado.gif\" \/>\n\t<meta property=\"og:image:width\" content=\"1366\" \/>\n\t<meta property=\"og:image:height\" content=\"380\" \/>\n\t<meta property=\"og:image:type\" content=\"image\/gif\" \/>\n<meta name=\"twitter:label1\" content=\"Est. tempo de leitura\" \/>\n\t<meta name=\"twitter:data1\" content=\"1 minuto\" \/>\n<script type=\"application\/ld+json\" class=\"yoast-schema-graph\">{\"@context\":\"https:\\\/\\\/schema.org\",\"@graph\":[{\"@type\":\"WebPage\",\"@id\":\"https:\\\/\\\/www.oralmed.com.br\\\/ce\\\/atendimento-particular\\\/\",\"url\":\"https:\\\/\\\/www.oralmed.com.br\\\/ce\\\/atendimento-particular\\\/\",\"name\":\"atendimento-particular - Oralmed\",\"isPartOf\":{\"@id\":\"https:\\\/\\\/www.oralmed.com.br\\\/ce\\\/#website\"},\"datePublished\":\"2019-09-25T20:15:22+00:00\",\"dateModified\":\"2019-09-25T20:16:08+00:00\",\"breadcrumb\":{\"@id\":\"https:\\\/\\\/www.oralmed.com.br\\\/ce\\\/atendimento-particular\\\/#breadcrumb\"},\"inLanguage\":\"pt-BR\",\"potentialAction\":[{\"@type\":\"ReadAction\",\"target\":[\"https:\\\/\\\/www.oralmed.com.br\\\/ce\\\/atendimento-particular\\\/\"]}]},{\"@type\":\"BreadcrumbList\",\"@id\":\"https:\\\/\\\/www.oralmed.com.br\\\/ce\\\/atendimento-particular\\\/#breadcrumb\",\"itemListElement\":[{\"@type\":\"ListItem\",\"position\":1,\"name\":\"In\u00edcio\",\"item\":\"https:\\\/\\\/www.oralmed.com.br\\\/ce\\\/\"},{\"@type\":\"ListItem\",\"position\":2,\"name\":\"atendimento-particular\"}]},{\"@type\":\"WebSite\",\"@id\":\"https:\\\/\\\/www.oralmed.com.br\\\/ce\\\/#website\",\"url\":\"https:\\\/\\\/www.oralmed.com.br\\\/ce\\\/\",\"name\":\"Oralmed\",\"description\":\"Centro Especializado\",\"publisher\":{\"@id\":\"https:\\\/\\\/www.oralmed.com.br\\\/ce\\\/#organization\"},\"potentialAction\":[{\"@type\":\"SearchAction\",\"target\":{\"@type\":\"EntryPoint\",\"urlTemplate\":\"https:\\\/\\\/www.oralmed.com.br\\\/ce\\\/?s={search_term_string}\"},\"query-input\":{\"@type\":\"PropertyValueSpecification\",\"valueRequired\":true,\"valueName\":\"search_term_string\"}}],\"inLanguage\":\"pt-BR\"},{\"@type\":\"Organization\",\"@id\":\"https:\\\/\\\/www.oralmed.com.br\\\/ce\\\/#organization\",\"name\":\"Oralmed Centro Odontol\u00f3gico\",\"url\":\"https:\\\/\\\/www.oralmed.com.br\\\/ce\\\/\",\"logo\":{\"@type\":\"ImageObject\",\"inLanguage\":\"pt-BR\",\"@id\":\"https:\\\/\\\/www.oralmed.com.br\\\/ce\\\/#\\\/schema\\\/logo\\\/image\\\/\",\"url\":\"https:\\\/\\\/www.oralmed.com.br\\\/ce\\\/wp-content\\\/uploads\\\/2019\\\/10\\\/logo_oralmed_centro_especializado150x.gif\",\"contentUrl\":\"https:\\\/\\\/www.oralmed.com.br\\\/ce\\\/wp-content\\\/uploads\\\/2019\\\/10\\\/logo_oralmed_centro_especializado150x.gif\",\"width\":150,\"height\":42,\"caption\":\"Oralmed Centro Odontol\u00f3gico\"},\"image\":{\"@id\":\"https:\\\/\\\/www.oralmed.com.br\\\/ce\\\/#\\\/schema\\\/logo\\\/image\\\/\"},\"sameAs\":[\"https:\\\/\\\/www.facebook.com\\\/oralmedlondrina\\\/\",\"https:\\\/\\\/www.instagram.com\\\/oralmedlondrina\\\/\"]}]}<\/script>\n<!-- \/ Yoast SEO Premium plugin. -->","yoast_head_json":{"title":"atendimento-particular - Oralmed","robots":{"index":"index","follow":"follow","max-snippet":"max-snippet:-1","max-image-preview":"max-image-preview:large","max-video-preview":"max-video-preview:-1"},"canonical":"https:\/\/www.oralmed.com.br\/ce\/atendimento-particular\/","og_locale":"pt_BR","og_type":"article","og_title":"atendimento-particular","og_description":"Atendimento a clientes particulares O Centro Odontol\u00f3gico ORALMED, al\u00e9m de atender os pacientes do PLANO ORALMED, atende tamb\u00e9m pacientes particulares. Neste caso o paciente agenda uma consulta de avalia\u00e7\u00e3o para verificar quais s\u00e3o suas necessidades e assim elaborar um plano de tratamento, sendo informado sobre os custos e as diversas op\u00e7\u00f5es de pagamento. Ap\u00f3s elabora\u00e7\u00e3o &hellip;","og_url":"https:\/\/www.oralmed.com.br\/ce\/atendimento-particular\/","og_site_name":"Oralmed","article_publisher":"https:\/\/www.facebook.com\/oralmedlondrina\/","article_modified_time":"2019-09-25T20:16:08+00:00","og_image":[{"width":1366,"height":380,"url":"https:\/\/www.oralmed.com.br\/ce\/wp-content\/uploads\/2019\/10\/logo_oralmed_centro_especializado.gif","type":"image\/gif"}],"twitter_misc":{"Est. tempo de leitura":"1 minuto"},"schema":{"@context":"https:\/\/schema.org","@graph":[{"@type":"WebPage","@id":"https:\/\/www.oralmed.com.br\/ce\/atendimento-particular\/","url":"https:\/\/www.oralmed.com.br\/ce\/atendimento-particular\/","name":"atendimento-particular - Oralmed","isPartOf":{"@id":"https:\/\/www.oralmed.com.br\/ce\/#website"},"datePublished":"2019-09-25T20:15:22+00:00","dateModified":"2019-09-25T20:16:08+00:00","breadcrumb":{"@id":"https:\/\/www.oralmed.com.br\/ce\/atendimento-particular\/#breadcrumb"},"inLanguage":"pt-BR","potentialAction":[{"@type":"ReadAction","target":["https:\/\/www.oralmed.com.br\/ce\/atendimento-particular\/"]}]},{"@type":"BreadcrumbList","@id":"https:\/\/www.oralmed.com.br\/ce\/atendimento-particular\/#breadcrumb","itemListElement":[{"@type":"ListItem","position":1,"name":"In\u00edcio","item":"https:\/\/www.oralmed.com.br\/ce\/"},{"@type":"ListItem","position":2,"name":"atendimento-particular"}]},{"@type":"WebSite","@id":"https:\/\/www.oralmed.com.br\/ce\/#website","url":"https:\/\/www.oralmed.com.br\/ce\/","name":"Oralmed","description":"Centro Especializado","publisher":{"@id":"https:\/\/www.oralmed.com.br\/ce\/#organization"},"potentialAction":[{"@type":"SearchAction","target":{"@type":"EntryPoint","urlTemplate":"https:\/\/www.oralmed.com.br\/ce\/?s={search_term_string}"},"query-input":{"@type":"PropertyValueSpecification","valueRequired":true,"valueName":"search_term_string"}}],"inLanguage":"pt-BR"},{"@type":"Organization","@id":"https:\/\/www.oralmed.com.br\/ce\/#organization","name":"Oralmed Centro Odontol\u00f3gico","url":"https:\/\/www.oralmed.com.br\/ce\/","logo":{"@type":"ImageObject","inLanguage":"pt-BR","@id":"https:\/\/www.oralmed.com.br\/ce\/#\/schema\/logo\/image\/","url":"https:\/\/www.oralmed.com.br\/ce\/wp-content\/uploads\/2019\/10\/logo_oralmed_centro_especializado150x.gif","contentUrl":"https:\/\/www.oralmed.com.br\/ce\/wp-content\/uploads\/2019\/10\/logo_oralmed_centro_especializado150x.gif","width":150,"height":42,"caption":"Oralmed Centro Odontol\u00f3gico"},"image":{"@id":"https:\/\/www.oralmed.com.br\/ce\/#\/schema\/logo\/image\/"},"sameAs":["https:\/\/www.facebook.com\/oralmedlondrina\/","https:\/\/www.instagram.com\/oralmedlondrina\/"]}]}},"_links":{"self":[{"href":"https:\/\/www.oralmed.com.br\/ce\/wp-json\/wp\/v2\/pages\/9237","targetHints":{"allow":["GET"]}}],"collection":[{"href":"https:\/\/www.oralmed.com.br\/ce\/wp-json\/wp\/v2\/pages"}],"about":[{"href":"https:\/\/www.oralmed.com.br\/ce\/wp-json\/wp\/v2\/types\/page"}],"author":[{"embeddable":true,"href":"https:\/\/www.oralmed.com.br\/ce\/wp-json\/wp\/v2\/users\/2"}],"replies":[{"embeddable":true,"href":"https:\/\/www.oralmed.com.br\/ce\/wp-json\/wp\/v2\/comments?post=9237"}],"version-history":[{"count":2,"href":"https:\/\/www.oralmed.com.br\/ce\/wp-json\/wp\/v2\/pages\/9237\/revisions"}],"predecessor-version":[{"id":9239,"href":"https:\/\/www.oralmed.com.br\/ce\/wp-json\/wp\/v2\/pages\/9237\/revisions\/9239"}],"wp:attachment":[{"href":"https:\/\/www.oralmed.com.br\/ce\/wp-json\/wp\/v2\/media?parent=9237"}],"curies":[{"name":"wp","href":"https:\/\/api.w.org\/{rel}","templated":true}]}}