{"id":9627,"date":"2020-07-02T23:44:47","date_gmt":"2020-07-03T02:44:47","guid":{"rendered":"http:\/\/www.oralmed.com.br\/ce\/?page_id=9627"},"modified":"2020-07-11T14:57:13","modified_gmt":"2020-07-11T17:57:13","slug":"mordidacruzada","status":"publish","type":"page","link":"https:\/\/www.oralmed.com.br\/ce\/mordidacruzada\/","title":{"rendered":"Tratamento de mordida cruzada"},"content":{"rendered":"\t\t<div data-elementor-type=\"wp-page\" data-elementor-id=\"9627\" class=\"elementor elementor-9627\" data-elementor-post-type=\"page\">\n\t\t\t\t\t\t<section class=\"elementor-section elementor-top-section elementor-element elementor-element-39eb196 elementor-section-boxed elementor-section-height-default elementor-section-height-default\" data-id=\"39eb196\" data-element_type=\"section\" data-e-type=\"section\">\n\t\t\t\t\t\t<div class=\"elementor-container elementor-column-gap-default\">\n\t\t\t\t\t<div class=\"elementor-column elementor-col-100 elementor-top-column elementor-element elementor-element-0ba051f\" data-id=\"0ba051f\" data-element_type=\"column\" data-e-type=\"column\">\n\t\t\t<div class=\"elementor-widget-wrap elementor-element-populated\">\n\t\t\t\t\t\t<div class=\"elementor-element elementor-element-611d0cd elementor-widget elementor-widget-heading\" data-id=\"611d0cd\" data-element_type=\"widget\" data-e-type=\"widget\" data-widget_type=\"heading.default\">\n\t\t\t\t<div class=\"elementor-widget-container\">\n\t\t\t\t\t<h2 class=\"elementor-heading-title elementor-size-default\">Tratamento de mordida  cruzada anteiror <\/h2>\t\t\t\t<\/div>\n\t\t\t\t<\/div>\n\t\t\t\t\t<\/div>\n\t\t<\/div>\n\t\t\t\t\t<\/div>\n\t\t<\/section>\n\t\t\t\t<section class=\"elementor-section elementor-top-section elementor-element elementor-element-5e24401 elementor-section-stretched elementor-section-full_width elementor-section-height-default elementor-section-height-default\" data-id=\"5e24401\" data-element_type=\"section\" data-e-type=\"section\" data-settings=\"{&quot;stretch_section&quot;:&quot;section-stretched&quot;}\">\n\t\t\t\t\t\t<div class=\"elementor-container elementor-column-gap-default\">\n\t\t\t\t\t<div class=\"elementor-column elementor-col-100 elementor-top-column elementor-element elementor-element-cc05aef\" data-id=\"cc05aef\" data-element_type=\"column\" data-e-type=\"column\">\n\t\t\t<div class=\"elementor-widget-wrap elementor-element-populated\">\n\t\t\t\t\t\t<div class=\"elementor-element elementor-element-dbe50ff elementor-widget-divider--view-line elementor-widget elementor-widget-divider\" data-id=\"dbe50ff\" data-element_type=\"widget\" data-e-type=\"widget\" data-widget_type=\"divider.default\">\n\t\t\t\t<div class=\"elementor-widget-container\">\n\t\t\t\t\t\t\t<div class=\"elementor-divider\">\n\t\t\t<span class=\"elementor-divider-separator\">\n\t\t\t\t\t\t<\/span>\n\t\t<\/div>\n\t\t\t\t\t\t<\/div>\n\t\t\t\t<\/div>\n\t\t\t\t\t<\/div>\n\t\t<\/div>\n\t\t\t\t\t<\/div>\n\t\t<\/section>\n\t\t\t\t<section class=\"elementor-section elementor-top-section elementor-element elementor-element-a26a7db elementor-section-boxed elementor-section-height-default elementor-section-height-default\" data-id=\"a26a7db\" data-element_type=\"section\" data-e-type=\"section\">\n\t\t\t\t\t\t<div class=\"elementor-container elementor-column-gap-default\">\n\t\t\t\t\t<div class=\"elementor-column elementor-col-100 elementor-top-column elementor-element elementor-element-7059ef2\" data-id=\"7059ef2\" data-element_type=\"column\" data-e-type=\"column\">\n\t\t\t<div class=\"elementor-widget-wrap elementor-element-populated\">\n\t\t\t\t\t\t<div class=\"elementor-element elementor-element-0f1b782 elementor-widget elementor-widget-text-editor\" data-id=\"0f1b782\" data-element_type=\"widget\" data-e-type=\"widget\" data-widget_type=\"text-editor.default\">\n\t\t\t\t<div class=\"elementor-widget-container\">\n\t\t\t\t\t\t\t\t\t<p><strong>TRATAMENTO DE MORDIDA CRUZADA ANTERIOR<\/strong><\/p><p>Paciente apresentava queixa de est\u00e9tica facial, pois n\u00e3o estava feliz com o seu perfil e funcionalmente tinha dificuldade na mastiga\u00e7\u00e3o.<\/p><p>A corre\u00e7\u00e3o da m\u00e1 oclus\u00e3o foi realizada sem a necessidade de cirurgia ortogn\u00e1tica, sendo utilizado apenas o aparelho tradicional.<\/p><p>E vis\u00edvel, n\u00e3o s\u00f3 a melhora na oclus\u00e3o, mas tamb\u00e9m na harmoniza\u00e7\u00e3o facial, pois o reposicionamento dos dentes projetou o l\u00e1bio superior para frente aumentando o seu volume, e o l\u00e1bio inferior para tr\u00e1s diminuindo a proje\u00e7\u00e3o do queixo.<\/p>\t\t\t\t\t\t\t\t<\/div>\n\t\t\t\t<\/div>\n\t\t\t\t\t<\/div>\n\t\t<\/div>\n\t\t\t\t\t<\/div>\n\t\t<\/section>\n\t\t\t\t<section class=\"elementor-section elementor-top-section elementor-element elementor-element-39c789f elementor-section-stretched elementor-section-full_width elementor-section-height-default elementor-section-height-default\" data-id=\"39c789f\" data-element_type=\"section\" data-e-type=\"section\" data-settings=\"{&quot;stretch_section&quot;:&quot;section-stretched&quot;}\">\n\t\t\t\t\t\t<div class=\"elementor-container elementor-column-gap-default\">\n\t\t\t\t\t<div class=\"elementor-column elementor-col-100 elementor-top-column elementor-element elementor-element-96e1218\" data-id=\"96e1218\" data-element_type=\"column\" data-e-type=\"column\">\n\t\t\t<div class=\"elementor-widget-wrap elementor-element-populated\">\n\t\t\t\t\t\t<div class=\"elementor-element elementor-element-0ef3354 elementor-widget-divider--view-line elementor-widget elementor-widget-divider\" data-id=\"0ef3354\" data-element_type=\"widget\" data-e-type=\"widget\" data-widget_type=\"divider.default\">\n\t\t\t\t<div class=\"elementor-widget-container\">\n\t\t\t\t\t\t\t<div class=\"elementor-divider\">\n\t\t\t<span class=\"elementor-divider-separator\">\n\t\t\t\t\t\t<\/span>\n\t\t<\/div>\n\t\t\t\t\t\t<\/div>\n\t\t\t\t<\/div>\n\t\t\t\t\t<\/div>\n\t\t<\/div>\n\t\t\t\t\t<\/div>\n\t\t<\/section>\n\t\t\t\t<section class=\"elementor-section elementor-top-section elementor-element elementor-element-53f9887 elementor-section-boxed elementor-section-height-default elementor-section-height-default\" data-id=\"53f9887\" data-element_type=\"section\" data-e-type=\"section\">\n\t\t\t\t\t\t<div class=\"elementor-container elementor-column-gap-default\">\n\t\t\t\t\t<div class=\"elementor-column elementor-col-33 elementor-top-column elementor-element elementor-element-b62f3ed\" data-id=\"b62f3ed\" data-element_type=\"column\" data-e-type=\"column\">\n\t\t\t<div class=\"elementor-widget-wrap\">\n\t\t\t\t\t\t\t<\/div>\n\t\t<\/div>\n\t\t\t\t<div class=\"elementor-column elementor-col-33 elementor-top-column elementor-element elementor-element-b4e8b71\" data-id=\"b4e8b71\" data-element_type=\"column\" data-e-type=\"column\">\n\t\t\t<div class=\"elementor-widget-wrap elementor-element-populated\">\n\t\t\t\t\t\t<div class=\"elementor-element elementor-element-0ba6bff elementor-invisible elementor-widget elementor-widget-image\" data-id=\"0ba6bff\" data-element_type=\"widget\" data-e-type=\"widget\" data-settings=\"{&quot;_animation&quot;:&quot;slideInRight&quot;}\" data-widget_type=\"image.default\">\n\t\t\t\t<div class=\"elementor-widget-container\">\n\t\t\t\t\t\t\t\t\t\t\t\t\t\t\t<img fetchpriority=\"high\" decoding=\"async\" width=\"885\" height=\"444\" src=\"https:\/\/www.oralmed.com.br\/ce\/wp-content\/uploads\/2020\/07\/oralmed-mordidacruzada-antes.jpg\" class=\"attachment-large size-large wp-image-9638\" alt=\"\" srcset=\"https:\/\/www.oralmed.com.br\/ce\/wp-content\/uploads\/2020\/07\/oralmed-mordidacruzada-antes.jpg 1024w, https:\/\/www.oralmed.com.br\/ce\/wp-content\/uploads\/2020\/07\/oralmed-mordidacruzada-antes-300x151.jpg 300w, https:\/\/www.oralmed.com.br\/ce\/wp-content\/uploads\/2020\/07\/oralmed-mordidacruzada-antes-768x386.jpg 768w, https:\/\/www.oralmed.com.br\/ce\/wp-content\/uploads\/2020\/07\/oralmed-mordidacruzada-antes-418x210.jpg 418w, https:\/\/www.oralmed.com.br\/ce\/wp-content\/uploads\/2020\/07\/oralmed-mordidacruzada-antes-400x201.jpg 400w, https:\/\/www.oralmed.com.br\/ce\/wp-content\/uploads\/2020\/07\/oralmed-mordidacruzada-antes-900x452.jpg 900w, https:\/\/www.oralmed.com.br\/ce\/wp-content\/uploads\/2020\/07\/oralmed-mordidacruzada-antes-598x300.jpg 598w\" sizes=\"(max-width: 885px) 100vw, 885px\" \/>\t\t\t\t\t\t\t\t\t\t\t\t\t\t\t<\/div>\n\t\t\t\t<\/div>\n\t\t\t\t\t<\/div>\n\t\t<\/div>\n\t\t\t\t<div class=\"elementor-column elementor-col-33 elementor-top-column elementor-element elementor-element-ed2273d\" data-id=\"ed2273d\" data-element_type=\"column\" data-e-type=\"column\">\n\t\t\t<div class=\"elementor-widget-wrap\">\n\t\t\t\t\t\t\t<\/div>\n\t\t<\/div>\n\t\t\t\t\t<\/div>\n\t\t<\/section>\n\t\t\t\t<section class=\"elementor-section elementor-top-section elementor-element elementor-element-e11e7c0 elementor-section-boxed elementor-section-height-default elementor-section-height-default\" data-id=\"e11e7c0\" data-element_type=\"section\" data-e-type=\"section\">\n\t\t\t\t\t\t<div class=\"elementor-container elementor-column-gap-default\">\n\t\t\t\t\t<div class=\"elementor-column elementor-col-33 elementor-top-column elementor-element elementor-element-fd68f93\" data-id=\"fd68f93\" data-element_type=\"column\" data-e-type=\"column\">\n\t\t\t<div class=\"elementor-widget-wrap\">\n\t\t\t\t\t\t\t<\/div>\n\t\t<\/div>\n\t\t\t\t<div class=\"elementor-column elementor-col-33 elementor-top-column elementor-element elementor-element-1aa9a4c\" data-id=\"1aa9a4c\" data-element_type=\"column\" data-e-type=\"column\">\n\t\t\t<div class=\"elementor-widget-wrap elementor-element-populated\">\n\t\t\t\t\t\t<div class=\"elementor-element elementor-element-a4b9c87 elementor-invisible elementor-widget elementor-widget-image\" data-id=\"a4b9c87\" data-element_type=\"widget\" data-e-type=\"widget\" data-settings=\"{&quot;_animation&quot;:&quot;slideInRight&quot;}\" data-widget_type=\"image.default\">\n\t\t\t\t<div class=\"elementor-widget-container\">\n\t\t\t\t\t\t\t\t\t\t\t\t\t\t\t<img decoding=\"async\" width=\"885\" height=\"443\" src=\"https:\/\/www.oralmed.com.br\/ce\/wp-content\/uploads\/2020\/07\/oralmed-mordidacruzada-depois.jpg\" class=\"attachment-large size-large wp-image-9639\" alt=\"\" srcset=\"https:\/\/www.oralmed.com.br\/ce\/wp-content\/uploads\/2020\/07\/oralmed-mordidacruzada-depois.jpg 1024w, https:\/\/www.oralmed.com.br\/ce\/wp-content\/uploads\/2020\/07\/oralmed-mordidacruzada-depois-300x150.jpg 300w, https:\/\/www.oralmed.com.br\/ce\/wp-content\/uploads\/2020\/07\/oralmed-mordidacruzada-depois-768x384.jpg 768w, https:\/\/www.oralmed.com.br\/ce\/wp-content\/uploads\/2020\/07\/oralmed-mordidacruzada-depois-418x209.jpg 418w, https:\/\/www.oralmed.com.br\/ce\/wp-content\/uploads\/2020\/07\/oralmed-mordidacruzada-depois-400x200.jpg 400w, https:\/\/www.oralmed.com.br\/ce\/wp-content\/uploads\/2020\/07\/oralmed-mordidacruzada-depois-900x450.jpg 900w, https:\/\/www.oralmed.com.br\/ce\/wp-content\/uploads\/2020\/07\/oralmed-mordidacruzada-depois-600x300.jpg 600w, https:\/\/www.oralmed.com.br\/ce\/wp-content\/uploads\/2020\/07\/oralmed-mordidacruzada-depois-558x0.jpg 558w\" sizes=\"(max-width: 885px) 100vw, 885px\" \/>\t\t\t\t\t\t\t\t\t\t\t\t\t\t\t<\/div>\n\t\t\t\t<\/div>\n\t\t\t\t\t<\/div>\n\t\t<\/div>\n\t\t\t\t<div class=\"elementor-column elementor-col-33 elementor-top-column elementor-element elementor-element-fdc4083\" data-id=\"fdc4083\" data-element_type=\"column\" data-e-type=\"column\">\n\t\t\t<div class=\"elementor-widget-wrap\">\n\t\t\t\t\t\t\t<\/div>\n\t\t<\/div>\n\t\t\t\t\t<\/div>\n\t\t<\/section>\n\t\t\t\t<section class=\"elementor-section elementor-top-section elementor-element elementor-element-075bf47 elementor-section-boxed elementor-section-height-default elementor-section-height-default\" data-id=\"075bf47\" data-element_type=\"section\" data-e-type=\"section\">\n\t\t\t\t\t\t<div class=\"elementor-container elementor-column-gap-default\">\n\t\t\t\t\t<div class=\"elementor-column elementor-col-33 elementor-top-column elementor-element elementor-element-5b3dc06\" data-id=\"5b3dc06\" data-element_type=\"column\" data-e-type=\"column\">\n\t\t\t<div class=\"elementor-widget-wrap\">\n\t\t\t\t\t\t\t<\/div>\n\t\t<\/div>\n\t\t\t\t<div class=\"elementor-column elementor-col-33 elementor-top-column elementor-element elementor-element-cf400ff\" data-id=\"cf400ff\" data-element_type=\"column\" data-e-type=\"column\">\n\t\t\t<div class=\"elementor-widget-wrap elementor-element-populated\">\n\t\t\t\t\t\t<div class=\"elementor-element elementor-element-5f9c4d1 elementor-widget elementor-widget-text-editor\" data-id=\"5f9c4d1\" data-element_type=\"widget\" data-e-type=\"widget\" data-widget_type=\"text-editor.default\">\n\t\t\t\t<div class=\"elementor-widget-container\">\n\t\t\t\t\t\t\t\t\t<p><em><strong>Dr. Oct\u00e1vio Henrique Carmona dos Santos\u00a0<\/strong><\/em><br \/>CRO 23980\/PR<\/p>\t\t\t\t\t\t\t\t<\/div>\n\t\t\t\t<\/div>\n\t\t\t\t\t<\/div>\n\t\t<\/div>\n\t\t\t\t<div class=\"elementor-column elementor-col-33 elementor-top-column elementor-element elementor-element-d908769\" data-id=\"d908769\" data-element_type=\"column\" data-e-type=\"column\">\n\t\t\t<div class=\"elementor-widget-wrap\">\n\t\t\t\t\t\t\t<\/div>\n\t\t<\/div>\n\t\t\t\t\t<\/div>\n\t\t<\/section>\n\t\t\t\t<section class=\"elementor-section elementor-top-section elementor-element elementor-element-907bb6e elementor-section-boxed elementor-section-height-default elementor-section-height-default\" data-id=\"907bb6e\" data-element_type=\"section\" data-e-type=\"section\">\n\t\t\t\t\t\t<div class=\"elementor-container elementor-column-gap-default\">\n\t\t\t\t\t<div class=\"elementor-column elementor-col-50 elementor-top-column elementor-element elementor-element-0adb90e\" data-id=\"0adb90e\" data-element_type=\"column\" data-e-type=\"column\">\n\t\t\t<div class=\"elementor-widget-wrap\">\n\t\t\t\t\t\t\t<\/div>\n\t\t<\/div>\n\t\t\t\t<div class=\"elementor-column elementor-col-50 elementor-top-column elementor-element elementor-element-c580304\" data-id=\"c580304\" data-element_type=\"column\" data-e-type=\"column\">\n\t\t\t<div class=\"elementor-widget-wrap\">\n\t\t\t\t\t\t\t<\/div>\n\t\t<\/div>\n\t\t\t\t\t<\/div>\n\t\t<\/section>\n\t\t\t\t<section class=\"elementor-section elementor-top-section elementor-element elementor-element-2c6631e elementor-section-boxed elementor-section-height-default elementor-section-height-default\" data-id=\"2c6631e\" data-element_type=\"section\" data-e-type=\"section\">\n\t\t\t\t\t\t<div class=\"elementor-container elementor-column-gap-default\">\n\t\t\t\t\t<div class=\"elementor-column elementor-col-33 elementor-top-column elementor-element elementor-element-266825a\" data-id=\"266825a\" data-element_type=\"column\" data-e-type=\"column\">\n\t\t\t<div class=\"elementor-widget-wrap\">\n\t\t\t\t\t\t\t<\/div>\n\t\t<\/div>\n\t\t\t\t<div class=\"elementor-column elementor-col-33 elementor-top-column elementor-element elementor-element-e7ec163\" data-id=\"e7ec163\" data-element_type=\"column\" data-e-type=\"column\">\n\t\t\t<div class=\"elementor-widget-wrap elementor-element-populated\">\n\t\t\t\t\t\t<div class=\"elementor-element elementor-element-07a2c0c elementor-align-center elementor-widget elementor-widget-button\" data-id=\"07a2c0c\" data-element_type=\"widget\" data-e-type=\"widget\" data-widget_type=\"button.default\">\n\t\t\t\t<div class=\"elementor-widget-container\">\n\t\t\t\t\t\t\t\t\t<div class=\"elementor-button-wrapper\">\n\t\t\t\t\t<a class=\"elementor-button elementor-button-link elementor-size-sm\" href=\"http:\/\/www.oralmed.com.br\/ce\/contato\/\">\n\t\t\t\t\t\t<span class=\"elementor-button-content-wrapper\">\n\t\t\t\t\t\t\t\t\t<span class=\"elementor-button-text\">FALE CONOSCO E AGENDE UMA AVALIA\u00c7\u00c3O<\/span>\n\t\t\t\t\t<\/span>\n\t\t\t\t\t<\/a>\n\t\t\t\t<\/div>\n\t\t\t\t\t\t\t\t<\/div>\n\t\t\t\t<\/div>\n\t\t\t\t\t<\/div>\n\t\t<\/div>\n\t\t\t\t<div class=\"elementor-column elementor-col-33 elementor-top-column elementor-element elementor-element-fdb8287\" data-id=\"fdb8287\" data-element_type=\"column\" data-e-type=\"column\">\n\t\t\t<div class=\"elementor-widget-wrap\">\n\t\t\t\t\t\t\t<\/div>\n\t\t<\/div>\n\t\t\t\t\t<\/div>\n\t\t<\/section>\n\t\t\t\t<\/div>\n\t\t","protected":false},"excerpt":{"rendered":"<p>Tratamento de mordida cruzada anteiror TRATAMENTO DE MORDIDA CRUZADA ANTERIOR Paciente apresentava queixa de est\u00e9tica facial, pois n\u00e3o estava feliz com o seu perfil e funcionalmente tinha dificuldade na mastiga\u00e7\u00e3o. A corre\u00e7\u00e3o da m\u00e1 oclus\u00e3o foi realizada sem a necessidade de cirurgia ortogn\u00e1tica, sendo utilizado apenas o aparelho tradicional. E vis\u00edvel, n\u00e3o s\u00f3 a melhora &hellip;<\/p>\n","protected":false},"author":2,"featured_media":0,"parent":0,"menu_order":0,"comment_status":"closed","ping_status":"closed","template":"","meta":{"footnotes":""},"class_list":["post-9627","page","type-page","status-publish","hentry","no-thumb"],"yoast_head":"<!-- This site is optimized with the Yoast SEO Premium plugin v21.4 (Yoast SEO v27.5) - https:\/\/yoast.com\/product\/yoast-seo-premium-wordpress\/ -->\n<title>Tratamento de mordida cruzada - Oralmed<\/title>\n<meta name=\"robots\" content=\"index, follow, max-snippet:-1, max-image-preview:large, max-video-preview:-1\" \/>\n<link rel=\"canonical\" href=\"https:\/\/www.oralmed.com.br\/ce\/mordidacruzada\/\" \/>\n<meta property=\"og:locale\" content=\"pt_BR\" \/>\n<meta property=\"og:type\" content=\"article\" \/>\n<meta property=\"og:title\" content=\"Tratamento de mordida cruzada\" \/>\n<meta property=\"og:description\" content=\"Tratamento de mordida cruzada anteiror TRATAMENTO DE MORDIDA CRUZADA ANTERIOR Paciente apresentava queixa de est\u00e9tica facial, pois n\u00e3o estava feliz com o seu perfil e funcionalmente tinha dificuldade na mastiga\u00e7\u00e3o. A corre\u00e7\u00e3o da m\u00e1 oclus\u00e3o foi realizada sem a necessidade de cirurgia ortogn\u00e1tica, sendo utilizado apenas o aparelho tradicional. E vis\u00edvel, n\u00e3o s\u00f3 a melhora &hellip;\" \/>\n<meta property=\"og:url\" content=\"https:\/\/www.oralmed.com.br\/ce\/mordidacruzada\/\" \/>\n<meta property=\"og:site_name\" content=\"Oralmed\" \/>\n<meta property=\"article:publisher\" content=\"https:\/\/www.facebook.com\/oralmedlondrina\/\" \/>\n<meta property=\"article:modified_time\" content=\"2020-07-11T17:57:13+00:00\" \/>\n<meta property=\"og:image\" content=\"http:\/\/www.oralmed.com.br\/ce\/wp-content\/uploads\/2020\/07\/oralmed-mordidacruzada-antes.jpg\" \/>\n<meta name=\"twitter:label1\" content=\"Est. tempo de leitura\" \/>\n\t<meta name=\"twitter:data1\" content=\"1 minuto\" \/>\n<script type=\"application\/ld+json\" class=\"yoast-schema-graph\">{\"@context\":\"https:\\\/\\\/schema.org\",\"@graph\":[{\"@type\":\"WebPage\",\"@id\":\"https:\\\/\\\/www.oralmed.com.br\\\/ce\\\/mordidacruzada\\\/\",\"url\":\"https:\\\/\\\/www.oralmed.com.br\\\/ce\\\/mordidacruzada\\\/\",\"name\":\"Tratamento de mordida cruzada - Oralmed\",\"isPartOf\":{\"@id\":\"https:\\\/\\\/www.oralmed.com.br\\\/ce\\\/#website\"},\"primaryImageOfPage\":{\"@id\":\"https:\\\/\\\/www.oralmed.com.br\\\/ce\\\/mordidacruzada\\\/#primaryimage\"},\"image\":{\"@id\":\"https:\\\/\\\/www.oralmed.com.br\\\/ce\\\/mordidacruzada\\\/#primaryimage\"},\"thumbnailUrl\":\"http:\\\/\\\/www.oralmed.com.br\\\/ce\\\/wp-content\\\/uploads\\\/2020\\\/07\\\/oralmed-mordidacruzada-antes.jpg\",\"datePublished\":\"2020-07-03T02:44:47+00:00\",\"dateModified\":\"2020-07-11T17:57:13+00:00\",\"breadcrumb\":{\"@id\":\"https:\\\/\\\/www.oralmed.com.br\\\/ce\\\/mordidacruzada\\\/#breadcrumb\"},\"inLanguage\":\"pt-BR\",\"potentialAction\":[{\"@type\":\"ReadAction\",\"target\":[\"https:\\\/\\\/www.oralmed.com.br\\\/ce\\\/mordidacruzada\\\/\"]}]},{\"@type\":\"ImageObject\",\"inLanguage\":\"pt-BR\",\"@id\":\"https:\\\/\\\/www.oralmed.com.br\\\/ce\\\/mordidacruzada\\\/#primaryimage\",\"url\":\"https:\\\/\\\/www.oralmed.com.br\\\/ce\\\/wp-content\\\/uploads\\\/2020\\\/07\\\/oralmed-mordidacruzada-antes.jpg\",\"contentUrl\":\"https:\\\/\\\/www.oralmed.com.br\\\/ce\\\/wp-content\\\/uploads\\\/2020\\\/07\\\/oralmed-mordidacruzada-antes.jpg\",\"width\":1024,\"height\":514},{\"@type\":\"BreadcrumbList\",\"@id\":\"https:\\\/\\\/www.oralmed.com.br\\\/ce\\\/mordidacruzada\\\/#breadcrumb\",\"itemListElement\":[{\"@type\":\"ListItem\",\"position\":1,\"name\":\"In\u00edcio\",\"item\":\"https:\\\/\\\/www.oralmed.com.br\\\/ce\\\/\"},{\"@type\":\"ListItem\",\"position\":2,\"name\":\"Tratamento de mordida cruzada\"}]},{\"@type\":\"WebSite\",\"@id\":\"https:\\\/\\\/www.oralmed.com.br\\\/ce\\\/#website\",\"url\":\"https:\\\/\\\/www.oralmed.com.br\\\/ce\\\/\",\"name\":\"Oralmed\",\"description\":\"Centro Especializado\",\"publisher\":{\"@id\":\"https:\\\/\\\/www.oralmed.com.br\\\/ce\\\/#organization\"},\"potentialAction\":[{\"@type\":\"SearchAction\",\"target\":{\"@type\":\"EntryPoint\",\"urlTemplate\":\"https:\\\/\\\/www.oralmed.com.br\\\/ce\\\/?s={search_term_string}\"},\"query-input\":{\"@type\":\"PropertyValueSpecification\",\"valueRequired\":true,\"valueName\":\"search_term_string\"}}],\"inLanguage\":\"pt-BR\"},{\"@type\":\"Organization\",\"@id\":\"https:\\\/\\\/www.oralmed.com.br\\\/ce\\\/#organization\",\"name\":\"Oralmed Centro Odontol\u00f3gico\",\"url\":\"https:\\\/\\\/www.oralmed.com.br\\\/ce\\\/\",\"logo\":{\"@type\":\"ImageObject\",\"inLanguage\":\"pt-BR\",\"@id\":\"https:\\\/\\\/www.oralmed.com.br\\\/ce\\\/#\\\/schema\\\/logo\\\/image\\\/\",\"url\":\"https:\\\/\\\/www.oralmed.com.br\\\/ce\\\/wp-content\\\/uploads\\\/2019\\\/10\\\/logo_oralmed_centro_especializado150x.gif\",\"contentUrl\":\"https:\\\/\\\/www.oralmed.com.br\\\/ce\\\/wp-content\\\/uploads\\\/2019\\\/10\\\/logo_oralmed_centro_especializado150x.gif\",\"width\":150,\"height\":42,\"caption\":\"Oralmed Centro Odontol\u00f3gico\"},\"image\":{\"@id\":\"https:\\\/\\\/www.oralmed.com.br\\\/ce\\\/#\\\/schema\\\/logo\\\/image\\\/\"},\"sameAs\":[\"https:\\\/\\\/www.facebook.com\\\/oralmedlondrina\\\/\",\"https:\\\/\\\/www.instagram.com\\\/oralmedlondrina\\\/\"]}]}<\/script>\n<!-- \/ Yoast SEO Premium plugin. -->","yoast_head_json":{"title":"Tratamento de mordida cruzada - Oralmed","robots":{"index":"index","follow":"follow","max-snippet":"max-snippet:-1","max-image-preview":"max-image-preview:large","max-video-preview":"max-video-preview:-1"},"canonical":"https:\/\/www.oralmed.com.br\/ce\/mordidacruzada\/","og_locale":"pt_BR","og_type":"article","og_title":"Tratamento de mordida cruzada","og_description":"Tratamento de mordida cruzada anteiror TRATAMENTO DE MORDIDA CRUZADA ANTERIOR Paciente apresentava queixa de est\u00e9tica facial, pois n\u00e3o estava feliz com o seu perfil e funcionalmente tinha dificuldade na mastiga\u00e7\u00e3o. A corre\u00e7\u00e3o da m\u00e1 oclus\u00e3o foi realizada sem a necessidade de cirurgia ortogn\u00e1tica, sendo utilizado apenas o aparelho tradicional. E vis\u00edvel, n\u00e3o s\u00f3 a melhora &hellip;","og_url":"https:\/\/www.oralmed.com.br\/ce\/mordidacruzada\/","og_site_name":"Oralmed","article_publisher":"https:\/\/www.facebook.com\/oralmedlondrina\/","article_modified_time":"2020-07-11T17:57:13+00:00","og_image":[{"url":"http:\/\/www.oralmed.com.br\/ce\/wp-content\/uploads\/2020\/07\/oralmed-mordidacruzada-antes.jpg","type":"","width":"","height":""}],"twitter_misc":{"Est. tempo de leitura":"1 minuto"},"schema":{"@context":"https:\/\/schema.org","@graph":[{"@type":"WebPage","@id":"https:\/\/www.oralmed.com.br\/ce\/mordidacruzada\/","url":"https:\/\/www.oralmed.com.br\/ce\/mordidacruzada\/","name":"Tratamento de mordida cruzada - Oralmed","isPartOf":{"@id":"https:\/\/www.oralmed.com.br\/ce\/#website"},"primaryImageOfPage":{"@id":"https:\/\/www.oralmed.com.br\/ce\/mordidacruzada\/#primaryimage"},"image":{"@id":"https:\/\/www.oralmed.com.br\/ce\/mordidacruzada\/#primaryimage"},"thumbnailUrl":"http:\/\/www.oralmed.com.br\/ce\/wp-content\/uploads\/2020\/07\/oralmed-mordidacruzada-antes.jpg","datePublished":"2020-07-03T02:44:47+00:00","dateModified":"2020-07-11T17:57:13+00:00","breadcrumb":{"@id":"https:\/\/www.oralmed.com.br\/ce\/mordidacruzada\/#breadcrumb"},"inLanguage":"pt-BR","potentialAction":[{"@type":"ReadAction","target":["https:\/\/www.oralmed.com.br\/ce\/mordidacruzada\/"]}]},{"@type":"ImageObject","inLanguage":"pt-BR","@id":"https:\/\/www.oralmed.com.br\/ce\/mordidacruzada\/#primaryimage","url":"https:\/\/www.oralmed.com.br\/ce\/wp-content\/uploads\/2020\/07\/oralmed-mordidacruzada-antes.jpg","contentUrl":"https:\/\/www.oralmed.com.br\/ce\/wp-content\/uploads\/2020\/07\/oralmed-mordidacruzada-antes.jpg","width":1024,"height":514},{"@type":"BreadcrumbList","@id":"https:\/\/www.oralmed.com.br\/ce\/mordidacruzada\/#breadcrumb","itemListElement":[{"@type":"ListItem","position":1,"name":"In\u00edcio","item":"https:\/\/www.oralmed.com.br\/ce\/"},{"@type":"ListItem","position":2,"name":"Tratamento de mordida cruzada"}]},{"@type":"WebSite","@id":"https:\/\/www.oralmed.com.br\/ce\/#website","url":"https:\/\/www.oralmed.com.br\/ce\/","name":"Oralmed","description":"Centro Especializado","publisher":{"@id":"https:\/\/www.oralmed.com.br\/ce\/#organization"},"potentialAction":[{"@type":"SearchAction","target":{"@type":"EntryPoint","urlTemplate":"https:\/\/www.oralmed.com.br\/ce\/?s={search_term_string}"},"query-input":{"@type":"PropertyValueSpecification","valueRequired":true,"valueName":"search_term_string"}}],"inLanguage":"pt-BR"},{"@type":"Organization","@id":"https:\/\/www.oralmed.com.br\/ce\/#organization","name":"Oralmed Centro Odontol\u00f3gico","url":"https:\/\/www.oralmed.com.br\/ce\/","logo":{"@type":"ImageObject","inLanguage":"pt-BR","@id":"https:\/\/www.oralmed.com.br\/ce\/#\/schema\/logo\/image\/","url":"https:\/\/www.oralmed.com.br\/ce\/wp-content\/uploads\/2019\/10\/logo_oralmed_centro_especializado150x.gif","contentUrl":"https:\/\/www.oralmed.com.br\/ce\/wp-content\/uploads\/2019\/10\/logo_oralmed_centro_especializado150x.gif","width":150,"height":42,"caption":"Oralmed Centro Odontol\u00f3gico"},"image":{"@id":"https:\/\/www.oralmed.com.br\/ce\/#\/schema\/logo\/image\/"},"sameAs":["https:\/\/www.facebook.com\/oralmedlondrina\/","https:\/\/www.instagram.com\/oralmedlondrina\/"]}]}},"_links":{"self":[{"href":"https:\/\/www.oralmed.com.br\/ce\/wp-json\/wp\/v2\/pages\/9627","targetHints":{"allow":["GET"]}}],"collection":[{"href":"https:\/\/www.oralmed.com.br\/ce\/wp-json\/wp\/v2\/pages"}],"about":[{"href":"https:\/\/www.oralmed.com.br\/ce\/wp-json\/wp\/v2\/types\/page"}],"author":[{"embeddable":true,"href":"https:\/\/www.oralmed.com.br\/ce\/wp-json\/wp\/v2\/users\/2"}],"replies":[{"embeddable":true,"href":"https:\/\/www.oralmed.com.br\/ce\/wp-json\/wp\/v2\/comments?post=9627"}],"version-history":[{"count":25,"href":"https:\/\/www.oralmed.com.br\/ce\/wp-json\/wp\/v2\/pages\/9627\/revisions"}],"predecessor-version":[{"id":9754,"href":"https:\/\/www.oralmed.com.br\/ce\/wp-json\/wp\/v2\/pages\/9627\/revisions\/9754"}],"wp:attachment":[{"href":"https:\/\/www.oralmed.com.br\/ce\/wp-json\/wp\/v2\/media?parent=9627"}],"curies":[{"name":"wp","href":"https:\/\/api.w.org\/{rel}","templated":true}]}}